{"id":2363,"date":"2023-09-26T10:45:28","date_gmt":"2023-09-26T08:45:28","guid":{"rendered":"https:\/\/www.thymela.com\/?page_id=2363"},"modified":"2023-10-19T13:36:55","modified_gmt":"2023-10-19T11:36:55","slug":"om-liselotte","status":"publish","type":"page","link":"https:\/\/www.thymela.com\/en\/om-liselotte\/","title":{"rendered":"About Liselotte"},"content":{"rendered":"<div class=\"wp-block-cover alignfull is-light\"><span aria-hidden=\"true\" class=\"wp-block-cover__background has-white-background-color has-background-dim-10 has-background-dim\"><\/span><img data-rjs=\"2\" fetchpriority=\"high\" decoding=\"async\" width=\"2114\" height=\"508\" class=\"wp-block-cover__image-background wp-image-2364\" alt=\"Liselotte Wahlund Swahn\" src=\"https:\/\/www.thymela.com\/wp-content\/uploads\/2023\/09\/about_me.png\" style=\"object-position:31% 51%\" data-object-fit=\"cover\" data-object-position=\"31% 51%\" srcset=\"https:\/\/www.thymela.com\/wp-content\/uploads\/2023\/09\/about_me.png 2114w, https:\/\/www.thymela.com\/wp-content\/uploads\/2023\/09\/about_me-300x72.png 300w, https:\/\/www.thymela.com\/wp-content\/uploads\/2023\/09\/about_me-1024x246.png 1024w, https:\/\/www.thymela.com\/wp-content\/uploads\/2023\/09\/about_me-768x185.png 768w, https:\/\/www.thymela.com\/wp-content\/uploads\/2023\/09\/about_me-1536x369.png 1536w, https:\/\/www.thymela.com\/wp-content\/uploads\/2023\/09\/about_me-2048x492.png 2048w, https:\/\/www.thymela.com\/wp-content\/uploads\/2023\/09\/about_me-18x4.png 18w, https:\/\/www.thymela.com\/wp-content\/uploads\/2023\/09\/about_me-420x101.png 420w, https:\/\/www.thymela.com\/wp-content\/uploads\/2023\/09\/about_me-333x80.png 333w, https:\/\/www.thymela.com\/wp-content\/uploads\/2023\/09\/about_me-394x95.png 394w, https:\/\/www.thymela.com\/wp-content\/uploads\/2023\/09\/about_me-915x220.png 915w, https:\/\/www.thymela.com\/wp-content\/uploads\/2023\/09\/about_me-1240x298.png 1240w, https:\/\/www.thymela.com\/wp-content\/uploads\/2023\/09\/about_me-1920x461.png 1920w\" sizes=\"(max-width: 2114px) 100vw, 2114px\" \/><div class=\"wp-block-cover__inner-container is-layout-constrained wp-block-cover-is-layout-constrained\">\n<div class=\"wp-block-columns is-layout-flex wp-container-core-columns-is-layout-9d6595d7 wp-block-columns-is-layout-flex\">\n<div class=\"wp-block-column is-layout-flow wp-block-column-is-layout-flow\"><\/div>\n\n\n\n<div class=\"wp-block-column is-layout-flow wp-block-column-is-layout-flow\">\n<h2 class=\"wp-block-heading alignwide has-text-align-right hero-text-black has-large-font-size\" style=\"font-style:normal;font-weight:600\">About Liselotte <br>Wahlund Swahn<\/h2>\n<\/div>\n\n\n\n<div class=\"wp-block-column is-layout-flow wp-block-column-is-layout-flow\"><\/div>\n<\/div>\n<\/div><\/div>\n\n\n\n<div style=\"height:2rem\" aria-hidden=\"true\" class=\"wp-block-spacer\"><\/div>\n\n\n\n<p>I have worked with children, young people and families since 2001. I am a trained sociologist and started working as a school counselor in an elementary and middle school. After a few years, I wanted to work more with treatment as the school counselor role was more of an advisory nature. I applied to a school with treatment for young people in need of special support and in connection with that I went through basic psychotherapy training, so-called step 1, in CBT.<\/p>\n\n\n\n<h3 class=\"wp-block-heading\">Child and Adolescent Psychiatry<\/h3>\n\n\n\n<p>After the training, I started working at an outpatient clinic with child and youth psychiatry, BUP. That clinic was privatized after just over a year, and the private care company Prima child and youth psychiatry took over care at the clinic. I worked there for seven years. I developed a competence in the neuropsychiatric field when I participated in many neuropsychiatric investigations together with psychologists and psychiatrists.<\/p>\n\n\n\n<hr class=\"wp-block-separator has-text-color has-cyan-bluish-gray-color has-alpha-channel-opacity has-cyan-bluish-gray-background-color has-background is-style-default\"\/>\n\n\n\n<h3 class=\"wp-block-heading\">Dialectical behavior therapy<\/h3>\n\n\n\n<p>In 2011, I attended a training in DBT (dialectical behavior therapy) organized by Elisabeth Malmquist, lay psychologist, lay. Psychotherapist in V\u00e4rnamo with Dr. Alan Frusetti, Associate Professor University of Nevada, Reno, USA.<\/p>\n\n\n\n<hr class=\"wp-block-separator has-text-color has-cyan-bluish-gray-color has-alpha-channel-opacity has-cyan-bluish-gray-background-color has-background is-style-default\"\/>\n\n\n<div class=\"wp-block-image\">\n<figure class=\"alignright size-large is-resized\"><img data-rjs=\"2\" decoding=\"async\" width=\"1500\" height=\"2250\" src=\"https:\/\/www.thymela.com\/wp-content\/uploads\/2022\/08\/4-683x1024.png\" alt=\"\" class=\"wp-image-631\" style=\"width:329px;height:494px\" srcset=\"https:\/\/www.thymela.com\/wp-content\/uploads\/2022\/08\/4-683x1024.png 683w, https:\/\/www.thymela.com\/wp-content\/uploads\/2022\/08\/4-200x300.png 200w, https:\/\/www.thymela.com\/wp-content\/uploads\/2022\/08\/4-768x1152.png 768w, https:\/\/www.thymela.com\/wp-content\/uploads\/2022\/08\/4-1024x1536.png 1024w, https:\/\/www.thymela.com\/wp-content\/uploads\/2022\/08\/4-1365x2048.png 1365w, https:\/\/www.thymela.com\/wp-content\/uploads\/2022\/08\/4-8x12.png 8w, https:\/\/www.thymela.com\/wp-content\/uploads\/2022\/08\/4-67x101.png 67w, https:\/\/www.thymela.com\/wp-content\/uploads\/2022\/08\/4-53x80.png 53w, https:\/\/www.thymela.com\/wp-content\/uploads\/2022\/08\/4-202x303.png 202w, https:\/\/www.thymela.com\/wp-content\/uploads\/2022\/08\/4-467x700.png 467w, https:\/\/www.thymela.com\/wp-content\/uploads\/2022\/08\/4-633x950.png 633w, https:\/\/www.thymela.com\/wp-content\/uploads\/2022\/08\/4-720x1080.png 720w, https:\/\/www.thymela.com\/wp-content\/uploads\/2022\/08\/4.png 1500w\" sizes=\"(max-width: 1500px) 100vw, 1500px\" \/><\/figure>\n<\/div>\n\n\n<h3 class=\"wp-block-heading\">Education - investigation of autism<\/h3>\n\n\n\n<p>I was trained in the ADOS, the Autism Diagnostic Observation Schedule (all modules) and the ADI-R Autism Diagnostic Interview-Revised \u2013 tools used to diagnose and assess autism.<\/p>\n\n\n\n<hr class=\"wp-block-separator has-text-color has-cyan-bluish-gray-color has-alpha-channel-opacity has-cyan-bluish-gray-background-color has-background is-style-default\"\/>\n\n\n\n<h3 class=\"wp-block-heading\">Credential-based education in psychotherapy<\/h3>\n\n\n\n<p>During this time, I took my credential-founding training in psychotherapy, so-called step 2, in CBT at the Swedish Institute for Cognitive Psychotherapy. I furthered my education in schema therapy and started working privately. I got a care contract with a GP surgery and started treating patients referred from general practitioners for difficulties such as anxiety, depression, crisis response, stress, exhaustion and sleep disorders. I also received requests from patients who sought private psychotherapy.<\/p>\n\n\n\n<hr class=\"wp-block-separator has-text-color has-cyan-bluish-gray-color has-alpha-channel-opacity has-cyan-bluish-gray-background-color has-background is-style-default\"\/>\n\n\n\n<h3 class=\"wp-block-heading\">Training in schema therapy for couples<\/h3>\n\n\n\n<p>In 2017, I started a collaboration with \"Byr\u00e5n f\u00f6r familjer\u00e5dgivning och psykoterapi\". As part of this, I attended a training in schema therapy for couples with Poul Perris and Travis Atkinson at the Schema Therapy Training Center in New York in 2018.<\/p>\n\n\n\n<p class=\" translation-block\"><a href=\"https:\/\/www.thymela.com\/en\/portfolio\/familjeradgivning\/\" target=\"_self\">Read more about how family counseling works<\/a>.<\/p>\n\n\n\n<p>\"Byr\u00e5n f\u00f6r familjer\u00e5dgivning och psykoterapi\" has agreements with several municipalities according to the LOV (Act on Choice System). This means that couples who need family counseling can make an appointment and receive a number of calls subsidized by the municipality. You can book an appointment with me or one of my colleagues directly online at: <a href=\"http:\/\/www.byran.org\/\" target=\"_blank\" rel=\"noreferrer noopener\">www.byran.org<\/a>. There you can choose whether you want to come to my psychotherapy practice at Odenplan or to the practice at S\u00f6der by Medborgarplatsen.<\/p>\n\n\n\n<hr class=\"wp-block-separator has-text-color has-cyan-bluish-gray-color has-alpha-channel-opacity has-cyan-bluish-gray-background-color has-background is-style-default\"\/>\n\n\n\n<div class=\"wp-block-buttons is-content-justification-center is-layout-flex wp-container-core-buttons-is-layout-16018d1d wp-block-buttons-is-layout-flex\">\n<div class=\"wp-block-button\"><a class=\"wp-block-button__link wp-element-button\" href=\"https:\/\/www.thymela.com\/en\/tidsbokning\/\" style=\"border-radius:13px\">Book an appointment<\/a><\/div>\n<\/div>","protected":false},"excerpt":{"rendered":"<p>Jag som driver Thymela psykoterapi heter Liselotte Wahlund Swahn och har arbetat med barn, ungdomar och familjer sedan 2001. Jag \u00e4r utbildad socionom och b\u00f6rjade arbeta som skolkurator i en l\u00e5g och mellanstadieskola. Efter n\u00e5gra \u00e5r ville jag arbeta mer &hellip; <a href=\"https:\/\/www.thymela.com\/en\/om-liselotte\/\">Read More<\/a><\/p>","protected":false},"author":167,"featured_media":0,"parent":0,"menu_order":0,"comment_status":"closed","ping_status":"closed","template":"","meta":{"_acf_changed":false,"_eb_attr":"","footnotes":""},"class_list":["post-2363","page","type-page","status-publish","hentry"],"acf":[],"_links":{"self":[{"href":"https:\/\/www.thymela.com\/en\/wp-json\/wp\/v2\/pages\/2363","targetHints":{"allow":["GET"]}}],"collection":[{"href":"https:\/\/www.thymela.com\/en\/wp-json\/wp\/v2\/pages"}],"about":[{"href":"https:\/\/www.thymela.com\/en\/wp-json\/wp\/v2\/types\/page"}],"author":[{"embeddable":true,"href":"https:\/\/www.thymela.com\/en\/wp-json\/wp\/v2\/users\/167"}],"replies":[{"embeddable":true,"href":"https:\/\/www.thymela.com\/en\/wp-json\/wp\/v2\/comments?post=2363"}],"version-history":[{"count":27,"href":"https:\/\/www.thymela.com\/en\/wp-json\/wp\/v2\/pages\/2363\/revisions"}],"predecessor-version":[{"id":2538,"href":"https:\/\/www.thymela.com\/en\/wp-json\/wp\/v2\/pages\/2363\/revisions\/2538"}],"wp:attachment":[{"href":"https:\/\/www.thymela.com\/en\/wp-json\/wp\/v2\/media?parent=2363"}],"curies":[{"name":"wp","href":"https:\/\/api.w.org\/{rel}","templated":true}]}}