{"id":2344,"date":"2023-09-25T17:44:39","date_gmt":"2023-09-25T15:44:39","guid":{"rendered":"https:\/\/www.thymela.com\/?page_id=2344"},"modified":"2023-10-19T13:31:36","modified_gmt":"2023-10-19T11:31:36","slug":"kontakta-thymela","status":"publish","type":"page","link":"https:\/\/www.thymela.com\/en\/kontakta-thymela\/","title":{"rendered":"Kontakta Thymela"},"content":{"rendered":"<div class=\"wp-block-cover alignfull is-light\"><span aria-hidden=\"true\" class=\"wp-block-cover__background has-background-dim-10 has-background-dim\"><\/span><img data-rjs=\"2\" fetchpriority=\"high\" decoding=\"async\" width=\"1500\" height=\"1125\" class=\"wp-block-cover__image-background wp-image-474\" alt=\"\" src=\"https:\/\/www.thymela.com\/wp-content\/uploads\/2022\/07\/Contact.png\" data-object-fit=\"cover\" srcset=\"https:\/\/www.thymela.com\/wp-content\/uploads\/2022\/07\/Contact.png 1500w, https:\/\/www.thymela.com\/wp-content\/uploads\/2022\/07\/Contact-300x225.png 300w, https:\/\/www.thymela.com\/wp-content\/uploads\/2022\/07\/Contact-1024x768.png 1024w, https:\/\/www.thymela.com\/wp-content\/uploads\/2022\/07\/Contact-768x576.png 768w, https:\/\/www.thymela.com\/wp-content\/uploads\/2022\/07\/Contact-135x101.png 135w, https:\/\/www.thymela.com\/wp-content\/uploads\/2022\/07\/Contact-107x80.png 107w, https:\/\/www.thymela.com\/wp-content\/uploads\/2022\/07\/Contact-394x296.png 394w, https:\/\/www.thymela.com\/wp-content\/uploads\/2022\/07\/Contact-915x686.png 915w, https:\/\/www.thymela.com\/wp-content\/uploads\/2022\/07\/Contact-1240x930.png 1240w, https:\/\/www.thymela.com\/wp-content\/uploads\/2022\/07\/Contact-1440x1080.png 1440w\" sizes=\"(max-width: 1500px) 100vw, 1500px\" \/><div class=\"wp-block-cover__inner-container is-layout-constrained wp-block-cover-is-layout-constrained\">\n<p class=\"has-text-align-center has-white-color has-text-color has-large-font-size\">Contact<\/p>\n<\/div><\/div>\n\n\n\n<div style=\"height:5rem\" aria-hidden=\"true\" class=\"wp-block-spacer\"><\/div>\n\n\n\n<div class=\"wp-block-columns is-layout-flex wp-container-core-columns-is-layout-9d6595d7 wp-block-columns-is-layout-flex\">\n<div class=\"wp-block-column is-layout-flow wp-block-column-is-layout-flow\" style=\"flex-basis:15%\"><\/div>\n\n\n\n<div class=\"wp-block-column is-vertically-aligned-top is-layout-flow wp-block-column-is-layout-flow\" style=\"flex-basis:25%\"><div class=\"wp-block-image\">\n<figure class=\"aligncenter size-large\"><img data-rjs=\"2\" decoding=\"async\" width=\"1024\" height=\"1024\" src=\"https:\/\/www.thymela.com\/wp-content\/uploads\/2023\/09\/5-edited-1024x1024.png\" alt=\"\" class=\"wp-image-2345\" srcset=\"https:\/\/www.thymela.com\/wp-content\/uploads\/2023\/09\/5-edited-1024x1024.png 1024w, https:\/\/www.thymela.com\/wp-content\/uploads\/2023\/09\/5-edited-300x300.png 300w, https:\/\/www.thymela.com\/wp-content\/uploads\/2023\/09\/5-edited-150x150.png 150w, https:\/\/www.thymela.com\/wp-content\/uploads\/2023\/09\/5-edited-768x769.png 768w, https:\/\/www.thymela.com\/wp-content\/uploads\/2023\/09\/5-edited-12x12.png 12w, https:\/\/www.thymela.com\/wp-content\/uploads\/2023\/09\/5-edited-101x101.png 101w, https:\/\/www.thymela.com\/wp-content\/uploads\/2023\/09\/5-edited-80x80.png 80w, https:\/\/www.thymela.com\/wp-content\/uploads\/2023\/09\/5-edited-394x394.png 394w, https:\/\/www.thymela.com\/wp-content\/uploads\/2023\/09\/5-edited-303x303.png 303w, https:\/\/www.thymela.com\/wp-content\/uploads\/2023\/09\/5-edited-605x605.png 605w, https:\/\/www.thymela.com\/wp-content\/uploads\/2023\/09\/5-edited-700x700.png 700w, https:\/\/www.thymela.com\/wp-content\/uploads\/2023\/09\/5-edited-949x950.png 949w, https:\/\/www.thymela.com\/wp-content\/uploads\/2023\/09\/5-edited-1079x1080.png 1079w, https:\/\/www.thymela.com\/wp-content\/uploads\/2023\/09\/5-edited.png 1500w\" sizes=\"(max-width: 1024px) 100vw, 1024px\" \/><\/figure>\n<\/div><\/div>\n\n\n\n<div class=\"wp-block-column is-layout-flow wp-block-column-is-layout-flow\">\n<h2 class=\"wp-block-heading\">CONTACT<\/h2>\n\n\n\n<p>Call, send a message or&nbsp;<a target=\"_blank\" href=\"mailto:liselotte@thymela.se\" rel=\"noreferrer noopener\">email me<\/a>&nbsp;and I will get back to you as soon as possible.<\/p>\n\n\n\n<p id=\"yui_3_17_2_1_1695635883187_168\">Liselotte Wahlund Swahn<br>Socionom, leg psykoterapeut<br>certified schema therapist<\/p>\n\n\n\n<p>Address: Kungstensgatan 59, Stockholm<br>Phone: +46 (0)76-188 68 71<br><a target=\"_blank\" href=\"mailto:liselotte@thymela.se\" rel=\"noreferrer noopener\">Email: liselotte@thymela.se<\/a><\/p>\n<\/div>\n\n\n\n<div class=\"wp-block-column is-layout-flow wp-block-column-is-layout-flow\" style=\"flex-basis:15%\"><\/div>\n<\/div>\n\n\n\n<hr class=\"wp-block-separator has-alpha-channel-opacity\"\/>\n\n\n\n<div style=\"height:1rem\" aria-hidden=\"true\" class=\"wp-block-spacer\"><\/div>\n\n\n\n<h2 class=\"wp-block-heading has-text-align-center\">Find your way here<\/h2>\n\n\n\n<div style=\"height:2rem\" aria-hidden=\"true\" class=\"wp-block-spacer\"><\/div>\n\n\n\n<div class=\"wp-block-columns is-layout-flex wp-container-core-columns-is-layout-9d6595d7 wp-block-columns-is-layout-flex\">\n<div class=\"wp-block-column is-layout-flow wp-block-column-is-layout-flow\" style=\"flex-basis:10%\"><\/div>\n\n\n\n<div class=\"wp-block-column is-layout-flow wp-block-column-is-layout-flow\">\t\t<div id=\"wpmapblock_c356e198\" data-settings='{&quot;map_marker&quot;:[{&quot;lat&quot;:&quot;59.3395055&quot;,&quot;lng&quot;:&quot;18.0502061&quot;,&quot;title&quot;:&quot;Kungstensgatan 59&quot;,&quot;content&quot;:&quot;&quot;,&quot;iconType&quot;:&quot;default&quot;,&quot;customIconUrl&quot;:&quot;&quot;,&quot;customIconWidth&quot;:&quot;25&quot;,&quot;customIconHeight&quot;:&quot;40&quot;}],&quot;map_zoom&quot;:&quot;14&quot;,&quot;scroll_wheel_zoom&quot;:false,&quot;map_type&quot;:&quot;GM&quot;,&quot;center_index&quot;:0}' class=\"wpmapblockrender\" style=\"\t\t\twidth: 100%;\t\t\theight: 350px;\t\t\"><\/div>\n        <\/div>\n\n\n\n<div class=\"wp-block-column is-layout-flow wp-block-column-is-layout-flow\" style=\"flex-basis:10%\"><\/div>\n<\/div>","protected":false},"excerpt":{"rendered":"<p>KONTAKT Ring, skicka ett meddelande eller&nbsp;maila&nbsp;s\u00e5 \u00e5terkommer jag s\u00e5 fort jag har m\u00f6jlighet. Liselotte Wahlund SwahnSocionom, leg psykoterapeutcertifierad schematerapeut Adress: Kungstensgatan 59, StockholmTel: 076-188 68 71Mail: liselotte@thymela.se Hitta hit<\/p>","protected":false},"author":167,"featured_media":0,"parent":0,"menu_order":0,"comment_status":"closed","ping_status":"closed","template":"","meta":{"_acf_changed":false,"_eb_attr":"","footnotes":""},"class_list":["post-2344","page","type-page","status-publish","hentry"],"acf":[],"_links":{"self":[{"href":"https:\/\/www.thymela.com\/en\/wp-json\/wp\/v2\/pages\/2344","targetHints":{"allow":["GET"]}}],"collection":[{"href":"https:\/\/www.thymela.com\/en\/wp-json\/wp\/v2\/pages"}],"about":[{"href":"https:\/\/www.thymela.com\/en\/wp-json\/wp\/v2\/types\/page"}],"author":[{"embeddable":true,"href":"https:\/\/www.thymela.com\/en\/wp-json\/wp\/v2\/users\/167"}],"replies":[{"embeddable":true,"href":"https:\/\/www.thymela.com\/en\/wp-json\/wp\/v2\/comments?post=2344"}],"version-history":[{"count":18,"href":"https:\/\/www.thymela.com\/en\/wp-json\/wp\/v2\/pages\/2344\/revisions"}],"predecessor-version":[{"id":3034,"href":"https:\/\/www.thymela.com\/en\/wp-json\/wp\/v2\/pages\/2344\/revisions\/3034"}],"wp:attachment":[{"href":"https:\/\/www.thymela.com\/en\/wp-json\/wp\/v2\/media?parent=2344"}],"curies":[{"name":"wp","href":"https:\/\/api.w.org\/{rel}","templated":true}]}}