{"id":2236,"date":"2024-03-14T19:00:19","date_gmt":"2024-03-14T18:00:19","guid":{"rendered":"https:\/\/www.thymela.com\/?page_id=2236"},"modified":"2024-04-04T13:50:00","modified_gmt":"2024-04-04T11:50:00","slug":"hem","status":"publish","type":"page","link":"https:\/\/www.thymela.com\/en\/","title":{"rendered":"Home"},"content":{"rendered":"<div class=\"wp-block-cover alignfull is-light\" style=\"min-height:70vh;aspect-ratio:unset;\"><span aria-hidden=\"true\" class=\"wp-block-cover__background has-white-background-color has-background-dim-70 has-background-dim\"><\/span><img data-rjs=\"2\" fetchpriority=\"high\" decoding=\"async\" width=\"2560\" height=\"1707\" class=\"wp-block-cover__image-background wp-image-2240\" alt=\"\" src=\"https:\/\/www.thymela.com\/wp-content\/uploads\/2023\/09\/thymela-scaled.jpg\" style=\"object-position:46% 50%\" data-object-fit=\"cover\" data-object-position=\"46% 50%\" srcset=\"https:\/\/www.thymela.com\/wp-content\/uploads\/2023\/09\/thymela-scaled.jpg 2560w, https:\/\/www.thymela.com\/wp-content\/uploads\/2023\/09\/thymela-300x200.jpg 300w, https:\/\/www.thymela.com\/wp-content\/uploads\/2023\/09\/thymela-1024x683.jpg 1024w, https:\/\/www.thymela.com\/wp-content\/uploads\/2023\/09\/thymela-768x512.jpg 768w, https:\/\/www.thymela.com\/wp-content\/uploads\/2023\/09\/thymela-1536x1024.jpg 1536w, https:\/\/www.thymela.com\/wp-content\/uploads\/2023\/09\/thymela-2048x1365.jpg 2048w, https:\/\/www.thymela.com\/wp-content\/uploads\/2023\/09\/thymela-18x12.jpg 18w, https:\/\/www.thymela.com\/wp-content\/uploads\/2023\/09\/thymela-152x101.jpg 152w, https:\/\/www.thymela.com\/wp-content\/uploads\/2023\/09\/thymela-120x80.jpg 120w, https:\/\/www.thymela.com\/wp-content\/uploads\/2023\/09\/thymela-394x263.jpg 394w, https:\/\/www.thymela.com\/wp-content\/uploads\/2023\/09\/thymela-915x610.jpg 915w, https:\/\/www.thymela.com\/wp-content\/uploads\/2023\/09\/thymela-1240x827.jpg 1240w, https:\/\/www.thymela.com\/wp-content\/uploads\/2023\/09\/thymela-1620x1080.jpg 1620w\" sizes=\"(max-width: 2560px) 100vw, 2560px\" \/><div class=\"wp-block-cover__inner-container is-layout-constrained wp-block-cover-is-layout-constrained\">\n<p class=\"has-text-align-center has-black-color has-text-color has-large-font-size\">Thymela Psykoterapi<\/p>\n\n\n\n<p class=\"has-text-align-center\"><strong>Psychotherapy, family counseling and couples therapy<\/strong><\/p>\n\n\n\n<div style=\"height:3rem\" aria-hidden=\"true\" class=\"wp-block-spacer\"><\/div>\n\n\n\n<div class=\"wp-block-buttons alignwide is-content-justification-center is-layout-flex wp-container-core-buttons-is-layout-16018d1d wp-block-buttons-is-layout-flex\">\n<div class=\"wp-block-button is-style-fill\"><a class=\"wp-block-button__link wp-element-button\" href=\"https:\/\/www.thymela.com\/en\/tidsbokning\/\" style=\"border-radius:12px\">Book an appointment<\/a><\/div>\n<\/div>\n<\/div><\/div>\n\n\n\n<div style=\"height:3rem\" aria-hidden=\"true\" class=\"wp-block-spacer\"><\/div>\n\n\n\n<div class=\"wp-block-columns is-layout-flex wp-container-core-columns-is-layout-9d6595d7 wp-block-columns-is-layout-flex\">\n<div class=\"wp-block-column is-layout-flow wp-block-column-is-layout-flow\" style=\"flex-basis:50%\">\n<h2 class=\"wp-block-heading\">Psychotherapy, family counseling and couples therapy<\/h2>\n\n\n\n<p id=\"yui_3_17_2_1_1695720012218_158\">Thymela is a company that offers psychotherapy to private individuals and psychotherapeutic competence to care providers in first-line psychiatry. Thymela also offers couples therapy to private individuals and family counseling to municipalities via the <em>Byr\u00e5n f\u00f6r familjer\u00e5dgivning och psykoterapi AB<\/em>. <em>Byr\u00e5n f\u00f6r familjer\u00e5dgivning och psykoterapi AB<\/em>.<\/p>\n\n\n\n<hr class=\"wp-block-separator has-text-color has-cyan-bluish-gray-color has-alpha-channel-opacity has-cyan-bluish-gray-background-color has-background is-style-default\"\/>\n\n\n\n<p>My name is Liselotte Wahlund Swahn, I run Thymela psychotherapy, and I have worked with children, young people and families since 2001. I am a trained sociologist and psychotherapist.<\/p>\n\n\n\n<p style=\"text-decoration:underline\"><a href=\"https:\/\/www.thymela.com\/en\/om-liselotte\/\" data-type=\"page\" data-id=\"2363\">Read more on Liselotte's professional background.<\/a><\/p>\n<\/div>\n\n\n\n<div class=\"wp-block-column is-layout-flow wp-block-column-is-layout-flow\" style=\"flex-basis:50%\">\n<div class=\"wp-block-slider-block-slider-block\"><div class=\"eb-parent-wrapper eb-parent-eb-slider-551ea4z\"><div class=\"eb-slider-wrapper eb-slider-551ea4z\" data-settings=\"{&quot;arrows&quot;:true,&quot;adaptiveHeight&quot;:false,&quot;autoplay&quot;:true,&quot;autoplaySpeed&quot;:3000,&quot;dots&quot;:false,&quot;fade&quot;:false,&quot;infinite&quot;:false,&quot;pauseOnHover&quot;:true,&quot;slidesToShow&quot;:1,&quot;speed&quot;:1003,&quot;vertical&quot;:false,&quot;currentSlide&quot;:0,&quot;rtl&quot;:false,&quot;responsive&quot;:[{&quot;breakpoint&quot;:1025,&quot;settings&quot;:{&quot;slidesToShow&quot;:1}},{&quot;breakpoint&quot;:767,&quot;settings&quot;:{&quot;slidesToShow&quot;:1}}]}\" data-images=\"[{&quot;url&quot;:&quot;https:\/\/www.thymela.com\/wp-content\/uploads\/2022\/08\/5.png&quot;,&quot;alt&quot;:&quot;&quot;,&quot;id&quot;:0,&quot;imageId&quot;:632,&quot;caption&quot;:&quot;&quot;,&quot;title&quot;:&quot;Slider 1&quot;,&quot;subtitle&quot;:&quot;Essential Blocks Slider Subtitle&quot;,&quot;showButton&quot;:true,&quot;buttonText&quot;:&quot;See More&quot;,&quot;buttonUrl&quot;:&quot;&quot;,&quot;openNewTab&quot;:false,&quot;isValidUrl&quot;:true,&quot;showSecondButton&quot;:false,&quot;secondButtonText&quot;:&quot;See More&quot;,&quot;secondButtonUrl&quot;:&quot;&quot;,&quot;secondButtonOpenNewTab&quot;:false},{&quot;url&quot;:&quot;https:\/\/www.thymela.com\/wp-content\/uploads\/2022\/08\/4.png&quot;,&quot;alt&quot;:&quot;&quot;,&quot;id&quot;:1,&quot;imageId&quot;:631,&quot;caption&quot;:&quot;&quot;,&quot;title&quot;:&quot;Slider 2&quot;,&quot;subtitle&quot;:&quot;Essential Blocks Slider Subtitle&quot;,&quot;showButton&quot;:true,&quot;buttonText&quot;:&quot;See More&quot;,&quot;buttonUrl&quot;:&quot;&quot;,&quot;openNewTab&quot;:false,&quot;isValidUrl&quot;:true,&quot;showSecondButton&quot;:false,&quot;secondButtonText&quot;:&quot;See More&quot;,&quot;secondButtonUrl&quot;:&quot;&quot;,&quot;secondButtonOpenNewTab&quot;:false},{&quot;url&quot;:&quot;https:\/\/www.thymela.com\/wp-content\/uploads\/2022\/07\/Vantrum1_9593-1-scaled.jpg&quot;,&quot;alt&quot;:&quot;&quot;,&quot;id&quot;:2,&quot;imageId&quot;:446,&quot;caption&quot;:&quot;&quot;,&quot;title&quot;:&quot;Slider 3&quot;,&quot;subtitle&quot;:&quot;Essential Blocks Slider Subtitle&quot;,&quot;showButton&quot;:true,&quot;buttonText&quot;:&quot;See More&quot;,&quot;buttonUrl&quot;:&quot;&quot;,&quot;openNewTab&quot;:false,&quot;isValidUrl&quot;:true,&quot;showSecondButton&quot;:false,&quot;secondButtonText&quot;:&quot;See More&quot;,&quot;secondButtonUrl&quot;:&quot;&quot;,&quot;secondButtonOpenNewTab&quot;:false},{&quot;url&quot;:&quot;https:\/\/www.thymela.com\/wp-content\/uploads\/2022\/07\/Vantrum2_9573-1-scaled.jpg&quot;,&quot;alt&quot;:&quot;&quot;,&quot;id&quot;:3,&quot;imageId&quot;:447,&quot;caption&quot;:&quot;&quot;,&quot;title&quot;:&quot;Slider 4&quot;,&quot;subtitle&quot;:&quot;Essential Blocks Slider Subtitle&quot;,&quot;showButton&quot;:true,&quot;buttonText&quot;:&quot;See More&quot;,&quot;buttonUrl&quot;:&quot;&quot;,&quot;openNewTab&quot;:false,&quot;isValidUrl&quot;:true,&quot;showSecondButton&quot;:false,&quot;secondButtonText&quot;:&quot;See More&quot;,&quot;secondButtonUrl&quot;:&quot;&quot;,&quot;secondButtonOpenNewTab&quot;:false},{&quot;url&quot;:&quot;https:\/\/www.thymela.com\/wp-content\/uploads\/2022\/07\/Entre_9815-1-scaled.jpg&quot;,&quot;alt&quot;:&quot;&quot;,&quot;id&quot;:4,&quot;imageId&quot;:438,&quot;caption&quot;:&quot;&quot;,&quot;title&quot;:&quot;Slider 5&quot;,&quot;subtitle&quot;:&quot;Essential Blocks Slider Subtitle&quot;,&quot;showButton&quot;:true,&quot;buttonText&quot;:&quot;See More&quot;,&quot;buttonUrl&quot;:&quot;&quot;,&quot;openNewTab&quot;:false,&quot;isValidUrl&quot;:true,&quot;showSecondButton&quot;:false,&quot;secondButtonText&quot;:&quot;See More&quot;,&quot;secondButtonUrl&quot;:&quot;&quot;,&quot;secondButtonOpenNewTab&quot;:false},{&quot;url&quot;:&quot;https:\/\/www.thymela.com\/wp-content\/uploads\/2023\/09\/grona_dorren-scaled.jpg&quot;,&quot;alt&quot;:&quot;&quot;,&quot;id&quot;:5,&quot;imageId&quot;:2281,&quot;caption&quot;:&quot;&quot;,&quot;title&quot;:&quot;Slider 6&quot;,&quot;subtitle&quot;:&quot;Essential Blocks Slider Subtitle&quot;,&quot;showButton&quot;:true,&quot;buttonText&quot;:&quot;See More&quot;,&quot;buttonUrl&quot;:&quot;&quot;,&quot;openNewTab&quot;:false,&quot;isValidUrl&quot;:true,&quot;showSecondButton&quot;:false,&quot;secondButtonText&quot;:&quot;See More&quot;,&quot;secondButtonUrl&quot;:&quot;&quot;,&quot;secondButtonOpenNewTab&quot;:false},{&quot;url&quot;:&quot;https:\/\/www.thymela.com\/wp-content\/uploads\/2023\/09\/mottagningsrum-scaled-e1694528735214.jpg&quot;,&quot;alt&quot;:&quot;&quot;,&quot;id&quot;:6,&quot;imageId&quot;:2282,&quot;caption&quot;:&quot;&quot;,&quot;title&quot;:&quot;Slider 7&quot;,&quot;subtitle&quot;:&quot;Essential Blocks Slider Subtitle&quot;,&quot;showButton&quot;:true,&quot;buttonText&quot;:&quot;See More&quot;,&quot;buttonUrl&quot;:&quot;&quot;,&quot;openNewTab&quot;:false,&quot;isValidUrl&quot;:true,&quot;showSecondButton&quot;:false,&quot;secondButtonText&quot;:&quot;See More&quot;,&quot;secondButtonUrl&quot;:&quot;&quot;,&quot;secondButtonOpenNewTab&quot;:false}]\" data-slidercontenttype=\"content-1\" data-slidertype=\"image\" data-textalign=\"left\" data-arrownexticon=\"fas fa-chevron-circle-right\" data-arrowprevicon=\"fas fa-chevron-circle-left\"><div class=\"image\"><div class=\"eb-slider-item content-1\"><img data-rjs=\"2\" decoding=\"async\" class=\"eb-slider-image\" src=\"https:\/\/www.thymela.com\/wp-content\/uploads\/2022\/08\/5.png\"\/><\/div><div class=\"eb-slider-item content-1\"><img data-rjs=\"2\" decoding=\"async\" class=\"eb-slider-image\" src=\"https:\/\/www.thymela.com\/wp-content\/uploads\/2022\/08\/4.png\"\/><\/div><div class=\"eb-slider-item content-1\"><img data-rjs=\"2\" decoding=\"async\" class=\"eb-slider-image\" src=\"https:\/\/www.thymela.com\/wp-content\/uploads\/2022\/07\/Vantrum1_9593-1-scaled.jpg\"\/><\/div><div class=\"eb-slider-item content-1\"><img data-rjs=\"2\" decoding=\"async\" class=\"eb-slider-image\" src=\"https:\/\/www.thymela.com\/wp-content\/uploads\/2022\/07\/Vantrum2_9573-1-scaled.jpg\"\/><\/div><div class=\"eb-slider-item content-1\"><img data-rjs=\"2\" decoding=\"async\" class=\"eb-slider-image\" src=\"https:\/\/www.thymela.com\/wp-content\/uploads\/2022\/07\/Entre_9815-1-scaled.jpg\"\/><\/div><div class=\"eb-slider-item content-1\"><img data-rjs=\"2\" decoding=\"async\" class=\"eb-slider-image\" src=\"https:\/\/www.thymela.com\/wp-content\/uploads\/2023\/09\/grona_dorren-scaled.jpg\"\/><\/div><div class=\"eb-slider-item content-1\"><img data-rjs=\"2\" decoding=\"async\" class=\"eb-slider-image\" src=\"https:\/\/www.thymela.com\/wp-content\/uploads\/2023\/09\/mottagningsrum-scaled-e1694528735214.jpg\"\/><\/div><\/div><\/div><\/div><\/div>\n<\/div>\n<\/div>\n\n\n\n<hr class=\"wp-block-separator aligncenter has-text-color has-cyan-bluish-gray-color has-alpha-channel-opacity has-cyan-bluish-gray-background-color has-background\"\/>\n\n\n\n<section class=\"wp-block-group services-container\"><div class=\"wp-block-group__inner-container is-layout-constrained wp-block-group-is-layout-constrained\">\n<h2 class=\"wp-block-heading\">My services<\/h2>\n\n\n\n<p>You can read more about the services I offer below and book an appointment for a visit.<\/p>\n\n\n\n<div class=\"wp-block-columns is-layout-flex wp-container-core-columns-is-layout-9d6595d7 wp-block-columns-is-layout-flex\">\n<div class=\"wp-block-column is-layout-flow wp-block-column-is-layout-flow\">\n<div class=\"wp-block-cover is-light\"><span aria-hidden=\"true\" class=\"wp-block-cover__background has-background-dim\"><\/span><img data-rjs=\"2\" decoding=\"async\" width=\"320\" height=\"240\" class=\"wp-block-cover__image-background wp-image-1388\" alt=\"\" src=\"https:\/\/www.thymela.com\/wp-content\/uploads\/2022\/07\/PSYKOTERAPI-1.jpg\" style=\"object-position:74% 46%\" data-object-fit=\"cover\" data-object-position=\"74% 46%\" srcset=\"https:\/\/www.thymela.com\/wp-content\/uploads\/2022\/07\/PSYKOTERAPI-1.jpg 320w, https:\/\/www.thymela.com\/wp-content\/uploads\/2022\/07\/PSYKOTERAPI-1-300x225.jpg 300w, https:\/\/www.thymela.com\/wp-content\/uploads\/2022\/07\/PSYKOTERAPI-1-16x12.jpg 16w, https:\/\/www.thymela.com\/wp-content\/uploads\/2022\/07\/PSYKOTERAPI-1-135x101.jpg 135w, https:\/\/www.thymela.com\/wp-content\/uploads\/2022\/07\/PSYKOTERAPI-1-107x80.jpg 107w\" sizes=\"(max-width: 320px) 100vw, 320px\" \/><div class=\"wp-block-cover__inner-container is-layout-constrained wp-block-cover-is-layout-constrained\">\n<p class=\"has-text-align-center has-white-color has-text-color\" style=\"font-size:26px;text-transform:uppercase\"><a href=\"https:\/\/www.thymela.com\/en\/portfolio\/psykoterapi\/\">Psychotherapy<\/a><\/p>\n<\/div><\/div>\n<\/div>\n\n\n\n<div class=\"wp-block-column is-layout-flow wp-block-column-is-layout-flow\">\n<div class=\"wp-block-cover wp-container-content-9cfa9a5a\"><span aria-hidden=\"true\" class=\"wp-block-cover__background has-background-dim\"><\/span><img data-rjs=\"2\" decoding=\"async\" width=\"320\" height=\"213\" class=\"wp-block-cover__image-background wp-image-1390\" alt=\"\" src=\"https:\/\/www.thymela.com\/wp-content\/uploads\/2022\/07\/KBT-1.jpg\" data-object-fit=\"cover\" srcset=\"https:\/\/www.thymela.com\/wp-content\/uploads\/2022\/07\/KBT-1.jpg 320w, https:\/\/www.thymela.com\/wp-content\/uploads\/2022\/07\/KBT-1-300x200.jpg 300w, https:\/\/www.thymela.com\/wp-content\/uploads\/2022\/07\/KBT-1-18x12.jpg 18w, https:\/\/www.thymela.com\/wp-content\/uploads\/2022\/07\/KBT-1-152x101.jpg 152w, https:\/\/www.thymela.com\/wp-content\/uploads\/2022\/07\/KBT-1-120x80.jpg 120w\" sizes=\"(max-width: 320px) 100vw, 320px\" \/><div class=\"wp-block-cover__inner-container is-layout-constrained wp-block-cover-is-layout-constrained\">\n<p class=\"has-text-align-center has-white-color has-text-color\" style=\"font-size:26px\"><a href=\"https:\/\/www.thymela.com\/en\/portfolio\/kbt\/\">CBT<\/a><\/p>\n<\/div><\/div>\n<\/div>\n\n\n\n<div class=\"wp-block-column is-layout-flow wp-block-column-is-layout-flow\">\n<div class=\"wp-block-cover\"><span aria-hidden=\"true\" class=\"wp-block-cover__background has-background-dim\"><\/span><img data-rjs=\"2\" loading=\"lazy\" decoding=\"async\" width=\"1271\" height=\"836\" class=\"wp-block-cover__image-background wp-image-501\" alt=\"\" src=\"https:\/\/www.thymela.com\/wp-content\/uploads\/2022\/07\/SCHEMATERAPI-e1667907048369.jpg\" style=\"object-position:62% 30%\" data-object-fit=\"cover\" data-object-position=\"62% 30%\" srcset=\"https:\/\/www.thymela.com\/wp-content\/uploads\/2022\/07\/SCHEMATERAPI-e1667907048369.jpg 1271w, https:\/\/www.thymela.com\/wp-content\/uploads\/2022\/07\/SCHEMATERAPI-e1667907048369-300x197.jpg 300w, https:\/\/www.thymela.com\/wp-content\/uploads\/2022\/07\/SCHEMATERAPI-e1667907048369-1024x674.jpg 1024w, https:\/\/www.thymela.com\/wp-content\/uploads\/2022\/07\/SCHEMATERAPI-e1667907048369-768x505.jpg 768w, https:\/\/www.thymela.com\/wp-content\/uploads\/2022\/07\/SCHEMATERAPI-e1667907048369-154x101.jpg 154w, https:\/\/www.thymela.com\/wp-content\/uploads\/2022\/07\/SCHEMATERAPI-e1667907048369-122x80.jpg 122w, https:\/\/www.thymela.com\/wp-content\/uploads\/2022\/07\/SCHEMATERAPI-e1667907048369-394x259.jpg 394w, https:\/\/www.thymela.com\/wp-content\/uploads\/2022\/07\/SCHEMATERAPI-e1667907048369-915x602.jpg 915w, https:\/\/www.thymela.com\/wp-content\/uploads\/2022\/07\/SCHEMATERAPI-e1667907048369-1240x816.jpg 1240w, https:\/\/www.thymela.com\/wp-content\/uploads\/2022\/07\/SCHEMATERAPI-e1667907048369-18x12.jpg 18w\" sizes=\"(max-width: 1271px) 100vw, 1271px\" \/><div class=\"wp-block-cover__inner-container is-layout-constrained wp-block-cover-is-layout-constrained\">\n<p class=\"has-text-align-center has-white-color has-text-color\" style=\"font-size:26px;text-transform:uppercase\"><a href=\"https:\/\/www.thymela.com\/en\/portfolio\/schematerapi\/\">Schema therapy<\/a><\/p>\n<\/div><\/div>\n<\/div>\n<\/div>\n\n\n\n<div class=\"wp-block-columns is-layout-flex wp-container-core-columns-is-layout-9d6595d7 wp-block-columns-is-layout-flex\">\n<div class=\"wp-block-column is-layout-flow wp-block-column-is-layout-flow\">\n<div class=\"wp-block-cover is-light\"><span aria-hidden=\"true\" class=\"wp-block-cover__background has-background-dim\"><\/span><img data-rjs=\"2\" loading=\"lazy\" decoding=\"async\" width=\"1316\" height=\"871\" class=\"wp-block-cover__image-background wp-image-491\" alt=\"\" src=\"https:\/\/www.thymela.com\/wp-content\/uploads\/2022\/07\/FAMILJERADGIVNING-1.png\" style=\"object-position:37% 49%\" data-object-fit=\"cover\" data-object-position=\"37% 49%\" srcset=\"https:\/\/www.thymela.com\/wp-content\/uploads\/2022\/07\/FAMILJERADGIVNING-1.png 1316w, https:\/\/www.thymela.com\/wp-content\/uploads\/2022\/07\/FAMILJERADGIVNING-1-300x199.png 300w, https:\/\/www.thymela.com\/wp-content\/uploads\/2022\/07\/FAMILJERADGIVNING-1-1024x678.png 1024w, https:\/\/www.thymela.com\/wp-content\/uploads\/2022\/07\/FAMILJERADGIVNING-1-768x508.png 768w, https:\/\/www.thymela.com\/wp-content\/uploads\/2022\/07\/FAMILJERADGIVNING-1-153x101.png 153w, https:\/\/www.thymela.com\/wp-content\/uploads\/2022\/07\/FAMILJERADGIVNING-1-121x80.png 121w, https:\/\/www.thymela.com\/wp-content\/uploads\/2022\/07\/FAMILJERADGIVNING-1-394x261.png 394w, https:\/\/www.thymela.com\/wp-content\/uploads\/2022\/07\/FAMILJERADGIVNING-1-915x606.png 915w, https:\/\/www.thymela.com\/wp-content\/uploads\/2022\/07\/FAMILJERADGIVNING-1-1240x821.png 1240w\" sizes=\"(max-width: 1316px) 100vw, 1316px\" \/><div class=\"wp-block-cover__inner-container is-layout-constrained wp-block-cover-is-layout-constrained\">\n<p class=\"has-text-align-center has-white-color has-text-color\" style=\"font-size:26px;text-transform:uppercase\"><a href=\"https:\/\/www.thymela.com\/en\/portfolio\/familjeradgivning\/\">Family counseling<\/a><\/p>\n<\/div><\/div>\n<\/div>\n\n\n\n<div class=\"wp-block-column is-layout-flow wp-block-column-is-layout-flow\">\n<div class=\"wp-block-cover is-light\"><span aria-hidden=\"true\" class=\"wp-block-cover__background has-background-dim\"><\/span><img data-rjs=\"2\" loading=\"lazy\" decoding=\"async\" width=\"1057\" height=\"703\" class=\"wp-block-cover__image-background wp-image-486\" alt=\"\" src=\"https:\/\/www.thymela.com\/wp-content\/uploads\/2022\/07\/PARTERAPI-1.png\" style=\"object-position:52% 36%\" data-object-fit=\"cover\" data-object-position=\"52% 36%\" srcset=\"https:\/\/www.thymela.com\/wp-content\/uploads\/2022\/07\/PARTERAPI-1.png 1057w, https:\/\/www.thymela.com\/wp-content\/uploads\/2022\/07\/PARTERAPI-1-300x200.png 300w, https:\/\/www.thymela.com\/wp-content\/uploads\/2022\/07\/PARTERAPI-1-1024x681.png 1024w, https:\/\/www.thymela.com\/wp-content\/uploads\/2022\/07\/PARTERAPI-1-768x511.png 768w, https:\/\/www.thymela.com\/wp-content\/uploads\/2022\/07\/PARTERAPI-1-152x101.png 152w, https:\/\/www.thymela.com\/wp-content\/uploads\/2022\/07\/PARTERAPI-1-120x80.png 120w, https:\/\/www.thymela.com\/wp-content\/uploads\/2022\/07\/PARTERAPI-1-394x262.png 394w, https:\/\/www.thymela.com\/wp-content\/uploads\/2022\/07\/PARTERAPI-1-915x609.png 915w\" sizes=\"(max-width: 1057px) 100vw, 1057px\" \/><div class=\"wp-block-cover__inner-container is-layout-constrained wp-block-cover-is-layout-constrained\">\n<p class=\"has-text-align-center has-white-color has-text-color\" style=\"font-size:26px;text-transform:uppercase\"><a href=\"https:\/\/www.thymela.com\/en\/portfolio\/parterapi\/\">couples therapy<\/a><\/p>\n<\/div><\/div>\n<\/div>\n\n\n\n<div class=\"wp-block-column is-layout-flow wp-block-column-is-layout-flow\">\n<div class=\"wp-block-cover is-light\"><span aria-hidden=\"true\" class=\"wp-block-cover__background has-background-dim\"><\/span><img data-rjs=\"2\" loading=\"lazy\" decoding=\"async\" width=\"426\" height=\"240\" class=\"wp-block-cover__image-background wp-image-879\" alt=\"\" src=\"https:\/\/www.thymela.com\/wp-content\/uploads\/2022\/07\/WhatsApp-Image-2022-09-02-at-16.52.44-e1673021857661.jpeg\" style=\"object-position:44% 81%\" data-object-fit=\"cover\" data-object-position=\"44% 81%\" srcset=\"https:\/\/www.thymela.com\/wp-content\/uploads\/2022\/07\/WhatsApp-Image-2022-09-02-at-16.52.44-e1673021857661.jpeg 426w, https:\/\/www.thymela.com\/wp-content\/uploads\/2022\/07\/WhatsApp-Image-2022-09-02-at-16.52.44-e1673021857661-300x169.jpeg 300w, https:\/\/www.thymela.com\/wp-content\/uploads\/2022\/07\/WhatsApp-Image-2022-09-02-at-16.52.44-e1673021857661-18x10.jpeg 18w, https:\/\/www.thymela.com\/wp-content\/uploads\/2022\/07\/WhatsApp-Image-2022-09-02-at-16.52.44-e1673021857661-179x101.jpeg 179w, https:\/\/www.thymela.com\/wp-content\/uploads\/2022\/07\/WhatsApp-Image-2022-09-02-at-16.52.44-e1673021857661-142x80.jpeg 142w, https:\/\/www.thymela.com\/wp-content\/uploads\/2022\/07\/WhatsApp-Image-2022-09-02-at-16.52.44-e1673021857661-394x222.jpeg 394w\" sizes=\"(max-width: 426px) 100vw, 426px\" \/><div class=\"wp-block-cover__inner-container is-layout-constrained wp-block-cover-is-layout-constrained\">\n<p class=\"has-text-align-center has-white-color has-text-color\" style=\"font-size:26px;text-transform:uppercase\"><a href=\"https:\/\/www.thymela.com\/en\/portfolio\/samtalsrum-att-hyra\/\">Conference room for rent<\/a><\/p>\n<\/div><\/div>\n<\/div>\n<\/div>\n\n\n\n<div class=\"wp-block-columns is-layout-flex wp-container-core-columns-is-layout-9d6595d7 wp-block-columns-is-layout-flex\">\n<div class=\"wp-block-column is-layout-flow wp-block-column-is-layout-flow\"><\/div>\n\n\n\n<div class=\"wp-block-column is-layout-flow wp-block-column-is-layout-flow\"><\/div>\n\n\n\n<div class=\"wp-block-column is-layout-flow wp-block-column-is-layout-flow\"><\/div>\n<\/div>\n<\/div><\/section>","protected":false},"excerpt":{"rendered":"<p>Psykoterapi, familjer\u00e5dgivning och parterapi Thymela \u00e4r ett f\u00f6retag som erbjuder psykoterapi till privatpersoner och psykoterapeutisk kompetens till v\u00e5rdgivare inom f\u00f6rsta linjens psykiatri. Thymela erbjuder \u00e4ven parterapi till privatpersoner och familjer\u00e5dgivning till kommuner via Byr\u00e5n f\u00f6r familjer\u00e5dgivning och psykoterapi AB. Jag &hellip; <a href=\"https:\/\/www.thymela.com\/en\/\">Read More<\/a><\/p>","protected":false},"author":167,"featured_media":0,"parent":0,"menu_order":0,"comment_status":"closed","ping_status":"closed","template":"","meta":{"_acf_changed":false,"_eb_attr":"","footnotes":""},"class_list":["post-2236","page","type-page","status-publish","hentry"],"acf":[],"_links":{"self":[{"href":"https:\/\/www.thymela.com\/en\/wp-json\/wp\/v2\/pages\/2236","targetHints":{"allow":["GET"]}}],"collection":[{"href":"https:\/\/www.thymela.com\/en\/wp-json\/wp\/v2\/pages"}],"about":[{"href":"https:\/\/www.thymela.com\/en\/wp-json\/wp\/v2\/types\/page"}],"author":[{"embeddable":true,"href":"https:\/\/www.thymela.com\/en\/wp-json\/wp\/v2\/users\/167"}],"replies":[{"embeddable":true,"href":"https:\/\/www.thymela.com\/en\/wp-json\/wp\/v2\/comments?post=2236"}],"version-history":[{"count":74,"href":"https:\/\/www.thymela.com\/en\/wp-json\/wp\/v2\/pages\/2236\/revisions"}],"predecessor-version":[{"id":3027,"href":"https:\/\/www.thymela.com\/en\/wp-json\/wp\/v2\/pages\/2236\/revisions\/3027"}],"wp:attachment":[{"href":"https:\/\/www.thymela.com\/en\/wp-json\/wp\/v2\/media?parent=2236"}],"curies":[{"name":"wp","href":"https:\/\/api.w.org\/{rel}","templated":true}]}}